{"id":1603,"date":"2025-01-24T16:55:11","date_gmt":"2025-01-24T21:55:11","guid":{"rendered":"https:\/\/impeercol.com\/wp\/?post_type=product&#038;p=1603"},"modified":"2025-01-24T16:55:12","modified_gmt":"2025-01-24T21:55:12","slug":"sellador-acrilico-mapei-mapeflex-ac3","status":"publish","type":"product","link":"https:\/\/impeercol.com\/wp\/producto\/sellador-acrilico-mapei-mapeflex-ac3\/","title":{"rendered":"SELLADOR ACR\u00cdLICO MAPEI MAPEFLEX AC3"},"content":{"rendered":"<p>Mapeflex AC3 es un sellador a base de resina acr\u00edlica en dispersi\u00f3n de agua y se utiliza para sellar juntas internas con una cantidad limitada de movimiento.<\/p>\n<p>&nbsp;<\/p>\n<p><a href=\"https:\/\/cdnmedia.mapei.com\/docs\/librariesprovider36\/products-documents\/1_8106---mapeflex-ac3---col_807b1338053d4773981b4afd79b52740.pdf?sfvrsn=df60d335_0\">FICHA TECNICA<\/a><\/p>\n","protected":false},"excerpt":{"rendered":"<p>SELLADOR ACR\u00cdLICO PINTABLE CON UN SUAVE ACABADO.<\/p>\n","protected":false},"featured_media":1608,"template":"","meta":[],"product_cat":[21,36],"product_tag":[],"class_list":{"0":"post-1603","1":"product","2":"type-product","3":"status-publish","4":"has-post-thumbnail","6":"product_cat-mapei","7":"product_cat-siliconas-y-sellos-de-poliuretano-mapei","9":"first","10":"instock","11":"shipping-taxable","12":"product-type-simple"},"jetpack_sharing_enabled":true,"_links":{"self":[{"href":"https:\/\/impeercol.com\/wp\/wp-json\/wp\/v2\/product\/1603","targetHints":{"allow":["GET"]}}],"collection":[{"href":"https:\/\/impeercol.com\/wp\/wp-json\/wp\/v2\/product"}],"about":[{"href":"https:\/\/impeercol.com\/wp\/wp-json\/wp\/v2\/types\/product"}],"wp:featuredmedia":[{"embeddable":true,"href":"https:\/\/impeercol.com\/wp\/wp-json\/wp\/v2\/media\/1608"}],"wp:attachment":[{"href":"https:\/\/impeercol.com\/wp\/wp-json\/wp\/v2\/media?parent=1603"}],"wp:term":[{"taxonomy":"product_cat","embeddable":true,"href":"https:\/\/impeercol.com\/wp\/wp-json\/wp\/v2\/product_cat?post=1603"},{"taxonomy":"product_tag","embeddable":true,"href":"https:\/\/impeercol.com\/wp\/wp-json\/wp\/v2\/product_tag?post=1603"}],"curies":[{"name":"wp","href":"https:\/\/api.w.org\/{rel}","templated":true}]}}