{"id":1647,"date":"2025-01-24T18:35:23","date_gmt":"2025-01-24T23:35:23","guid":{"rendered":"https:\/\/impeercol.com\/wp\/?post_type=product&#038;p=1647"},"modified":"2025-02-06T14:24:12","modified_gmt":"2025-02-06T19:24:12","slug":"metic-meticryl-primer","status":"publish","type":"product","link":"https:\/\/impeercol.com\/wp\/producto\/metic-meticryl-primer\/","title":{"rendered":"METICRYL PRIMER"},"content":{"rendered":"<p>METICRYL PRIMER puede ser usado para sellar e imprimar superficies que ser\u00e1n impermeabilizadas con los sistemas impermeables acr\u00edlicos METICRYL en superficies tales como: concreto, mortero, en ladrillo, l\u00e1mina met\u00e1lica, etc.<\/p>\n","protected":false},"excerpt":{"rendered":"<p>IMPRIMANTE Y SELLADOR DE SUPERFICIES FORMULADO EN BASE A RESINAS ACR\u00cdLICAS Y ADITIVOS ACUOSOS.<\/p>\n","protected":false},"featured_media":1648,"template":"","meta":[],"product_cat":[49,24],"product_tag":[],"class_list":{"0":"post-1647","1":"product","2":"type-product","3":"status-publish","4":"has-post-thumbnail","6":"product_cat-impermeabilizantes-acrilicos-y-mebranas-de-poliuretano-para-cubiertas-metic","7":"product_cat-metic","9":"first","10":"instock","11":"shipping-taxable","12":"product-type-simple"},"jetpack_sharing_enabled":true,"_links":{"self":[{"href":"https:\/\/impeercol.com\/wp\/wp-json\/wp\/v2\/product\/1647","targetHints":{"allow":["GET"]}}],"collection":[{"href":"https:\/\/impeercol.com\/wp\/wp-json\/wp\/v2\/product"}],"about":[{"href":"https:\/\/impeercol.com\/wp\/wp-json\/wp\/v2\/types\/product"}],"wp:featuredmedia":[{"embeddable":true,"href":"https:\/\/impeercol.com\/wp\/wp-json\/wp\/v2\/media\/1648"}],"wp:attachment":[{"href":"https:\/\/impeercol.com\/wp\/wp-json\/wp\/v2\/media?parent=1647"}],"wp:term":[{"taxonomy":"product_cat","embeddable":true,"href":"https:\/\/impeercol.com\/wp\/wp-json\/wp\/v2\/product_cat?post=1647"},{"taxonomy":"product_tag","embeddable":true,"href":"https:\/\/impeercol.com\/wp\/wp-json\/wp\/v2\/product_tag?post=1647"}],"curies":[{"name":"wp","href":"https:\/\/api.w.org\/{rel}","templated":true}]}}