{"id":594,"date":"2024-01-29T14:53:34","date_gmt":"2024-01-29T14:53:34","guid":{"rendered":"https:\/\/impeercol.com\/wp\/?post_type=product&#038;p=594"},"modified":"2024-04-15T13:51:03","modified_gmt":"2024-04-15T18:51:03","slug":"sikaset-l-25-kg-2-6-kg","status":"publish","type":"product","link":"https:\/\/impeercol.com\/wp\/producto\/sikaset-l-25-kg-2-6-kg\/","title":{"rendered":"SIKASET L"},"content":{"rendered":"<p>Aditivo l\u00edquido con acci\u00f3n acelerante sobre el fraguado<br \/>\n(endurecimiento) y el desarrollo de resistencias mec\u00e1nicas del<br \/>\nconcreto y del mortero.<\/p>\n<p>* Obtener concreto con altas resistencias a temprana edad.<br \/>\n* Colocar concreto en ambiente fr\u00edo.<br \/>\n* Se obtienen resistencias m\u00e1s altas a edad temprana.<\/p>\n<p><strong>Presentaci\u00f3n: 25 kg y 2.6 kg<\/strong><\/p>\n<div class=\"elementor-button-wrapper\"><a class=\"elementor-button elementor-button-link elementor-size-sm elementor-animation-bob\" style=\"background: #ffcc29; width: 100%;\" href=\"https:\/\/col.sika.com\/dam\/dms\/co01\/i\/sikaset-l.pdf\" target=\"_blank\" rel=\"noopener\"><span class=\"elementor-button-content-wrapper\"><i class=\"fas fa-download\" aria-hidden=\"true\"><\/i><span class=\"elementor-button-text\" style=\"color: black; font-weight: 500;\">FICHA TECNICA<\/span><\/span><\/a><\/div>\n","protected":false},"excerpt":{"rendered":"<p>Aditivo l\u00edquido con acci\u00f3n acelerante sobre el fraguado (endurecimiento) y el desarrollo de resistencias mec\u00e1nicas del concreto y del mortero. * Obtener concreto con altas resistencias a temprana edad. * Colocar concreto en ambiente fr\u00edo. * Se obtienen resistencias m\u00e1s altas a edad temprana. Presentaci\u00f3n: 25 kg y 2.6 kg FICHA TECNICA<\/p>\n","protected":false},"featured_media":1092,"template":"","meta":[],"product_cat":[25,20],"product_tag":[],"class_list":{"0":"post-594","1":"product","2":"type-product","3":"status-publish","4":"has-post-thumbnail","6":"product_cat-aditivos-para-mortero-y-concreto","7":"product_cat-sika","9":"first","10":"instock","11":"shipping-taxable","12":"product-type-simple"},"jetpack_sharing_enabled":true,"_links":{"self":[{"href":"https:\/\/impeercol.com\/wp\/wp-json\/wp\/v2\/product\/594","targetHints":{"allow":["GET"]}}],"collection":[{"href":"https:\/\/impeercol.com\/wp\/wp-json\/wp\/v2\/product"}],"about":[{"href":"https:\/\/impeercol.com\/wp\/wp-json\/wp\/v2\/types\/product"}],"wp:featuredmedia":[{"embeddable":true,"href":"https:\/\/impeercol.com\/wp\/wp-json\/wp\/v2\/media\/1092"}],"wp:attachment":[{"href":"https:\/\/impeercol.com\/wp\/wp-json\/wp\/v2\/media?parent=594"}],"wp:term":[{"taxonomy":"product_cat","embeddable":true,"href":"https:\/\/impeercol.com\/wp\/wp-json\/wp\/v2\/product_cat?post=594"},{"taxonomy":"product_tag","embeddable":true,"href":"https:\/\/impeercol.com\/wp\/wp-json\/wp\/v2\/product_tag?post=594"}],"curies":[{"name":"wp","href":"https:\/\/api.w.org\/{rel}","templated":true}]}}