{"id":700,"date":"2024-01-31T02:59:24","date_gmt":"2024-01-31T02:59:24","guid":{"rendered":"https:\/\/impeercol.com\/wp\/?post_type=product&#038;p=700"},"modified":"2024-05-28T10:50:37","modified_gmt":"2024-05-28T15:50:37","slug":"broncoplug","status":"publish","type":"product","link":"https:\/\/impeercol.com\/wp\/producto\/broncoplug\/","title":{"rendered":"BRONCOPLUG"},"content":{"rendered":"<p>Aditivo para ser aplicado en formaletas de madera, met\u00e1licas y pl\u00e1sticas, que impide la adherencia de los concretos y morteros sin mancharlos y aumentando la vida \u00fatil de los encofrados.<br \/>\n<strong><br \/>\nPresentaci\u00f3n: 2 KG, 5 KG<\/strong><\/p>\n<p>&nbsp;<\/p>\n<div class=\"elementor-button-wrapper\"><a class=\"elementor-button elementor-button-link elementor-size-sm elementor-animation-bob\" style=\"background: #ffcc29; width: 100%;\" href=\"https:\/\/cdnmedia.mapei.com\/docs\/librariesprovider36\/products-documents\/1_broncoplug---col_9da4da601ec048b7acfe2d1ddf5a9a24.pdf?sfvrsn=79c05b3f_0\" target=\"_blank\" rel=\"noopener\"><span class=\"elementor-button-content-wrapper\"><i class=\"fas fa-download\" aria-hidden=\"true\"><\/i><span class=\"elementor-button-text\" style=\"color: black; font-weight: 500;\">FICHA TECNICA<\/span><\/span><\/a><\/div>\n","protected":false},"excerpt":{"rendered":"<p><strong>AGENTE DESMOLDANTE CON BASE EN ACEITE ORG\u00c1NICO PARA FORMALETAS DE MADERA, METAL O PL\u00c1STICO<\/strong><\/p>\n","protected":false},"featured_media":1343,"template":"","meta":[],"product_cat":[34,21],"product_tag":[],"class_list":{"0":"post-700","1":"product","2":"type-product","3":"status-publish","4":"has-post-thumbnail","6":"product_cat-aditivos-para-mortero-y-concreto-mapei","7":"product_cat-mapei","9":"first","10":"instock","11":"shipping-taxable","12":"product-type-simple"},"jetpack_sharing_enabled":true,"_links":{"self":[{"href":"https:\/\/impeercol.com\/wp\/wp-json\/wp\/v2\/product\/700","targetHints":{"allow":["GET"]}}],"collection":[{"href":"https:\/\/impeercol.com\/wp\/wp-json\/wp\/v2\/product"}],"about":[{"href":"https:\/\/impeercol.com\/wp\/wp-json\/wp\/v2\/types\/product"}],"wp:featuredmedia":[{"embeddable":true,"href":"https:\/\/impeercol.com\/wp\/wp-json\/wp\/v2\/media\/1343"}],"wp:attachment":[{"href":"https:\/\/impeercol.com\/wp\/wp-json\/wp\/v2\/media?parent=700"}],"wp:term":[{"taxonomy":"product_cat","embeddable":true,"href":"https:\/\/impeercol.com\/wp\/wp-json\/wp\/v2\/product_cat?post=700"},{"taxonomy":"product_tag","embeddable":true,"href":"https:\/\/impeercol.com\/wp\/wp-json\/wp\/v2\/product_tag?post=700"}],"curies":[{"name":"wp","href":"https:\/\/api.w.org\/{rel}","templated":true}]}}