{"id":803,"date":"2024-02-01T22:15:26","date_gmt":"2024-02-01T22:15:26","guid":{"rendered":"https:\/\/impeercol.com\/wp\/?post_type=product&#038;p=803"},"modified":"2024-05-27T11:51:17","modified_gmt":"2024-05-27T16:51:17","slug":"sika-impermur","status":"publish","type":"product","link":"https:\/\/impeercol.com\/wp\/producto\/sika-impermur\/","title":{"rendered":"SIKA IMPERMUR"},"content":{"rendered":"<p>Sika\u00ae Imper Mur es una resina acuosa de impregnaci\u00f3n, lista para usar como barrera impermeable en muros con humedad, consolidante de superficies arenosas d\u00e9biles e imprimante para masillas acr\u00edlicas.<\/p>\n<p><strong>Presentaci\u00f3n:\u00a0<\/strong> 1 Kg, 2 Kg Y 4 Kg<\/p>\n<p>&nbsp;<\/p>\n<p>&nbsp;<\/p>\n<div class=\"elementor-button-wrapper\"><a class=\"elementor-button elementor-button-link elementor-size-sm elementor-animation-bob\" style=\"background: #ffcc29; width: 100%;\" href=\"https:\/\/col.sika.com\/dam\/dms\/co01\/9\/sika-imper-mur.pdf\" target=\"_blank\" rel=\"noopener\"><span class=\"elementor-button-content-wrapper\"><i class=\"fas fa-download\" aria-hidden=\"true\"><\/i><span class=\"elementor-button-text\" style=\"color: black; font-weight: 500;\">FICHA TECNICA<\/span><\/span><\/a><\/div>\n","protected":false},"excerpt":{"rendered":"<p><strong>IMPERMEABILIZANTE PARA MUROS, BLOQUEADOR DE HUMEDAD ASCENDENTE Y ENDURECEDOR DE SUPERFICIE. <\/strong><\/p>\n","protected":false},"featured_media":1305,"template":"","meta":[],"product_cat":[29,20],"product_tag":[],"class_list":{"0":"post-803","1":"product","2":"type-product","3":"status-publish","4":"has-post-thumbnail","6":"product_cat-selladores-hidrofugados-para-fachada","7":"product_cat-sika","9":"first","10":"instock","11":"shipping-taxable","12":"product-type-simple"},"jetpack_sharing_enabled":true,"_links":{"self":[{"href":"https:\/\/impeercol.com\/wp\/wp-json\/wp\/v2\/product\/803","targetHints":{"allow":["GET"]}}],"collection":[{"href":"https:\/\/impeercol.com\/wp\/wp-json\/wp\/v2\/product"}],"about":[{"href":"https:\/\/impeercol.com\/wp\/wp-json\/wp\/v2\/types\/product"}],"wp:featuredmedia":[{"embeddable":true,"href":"https:\/\/impeercol.com\/wp\/wp-json\/wp\/v2\/media\/1305"}],"wp:attachment":[{"href":"https:\/\/impeercol.com\/wp\/wp-json\/wp\/v2\/media?parent=803"}],"wp:term":[{"taxonomy":"product_cat","embeddable":true,"href":"https:\/\/impeercol.com\/wp\/wp-json\/wp\/v2\/product_cat?post=803"},{"taxonomy":"product_tag","embeddable":true,"href":"https:\/\/impeercol.com\/wp\/wp-json\/wp\/v2\/product_tag?post=803"}],"curies":[{"name":"wp","href":"https:\/\/api.w.org\/{rel}","templated":true}]}}