{"id":831,"date":"2024-02-02T00:39:59","date_gmt":"2024-02-02T00:39:59","guid":{"rendered":"https:\/\/impeercol.com\/wp\/?post_type=product&#038;p=831"},"modified":"2024-05-27T09:34:25","modified_gmt":"2024-05-27T14:34:25","slug":"kerapoxy-cq","status":"publish","type":"product","link":"https:\/\/impeercol.com\/wp\/producto\/kerapoxy-cq\/","title":{"rendered":"KERAPOXY CQ"},"content":{"rendered":"<p>Kerapoxy CQ es un producto bicomponente, con muy baja emisi\u00f3n de compuestos org\u00e1nicos vol\u00e1tiles, a base de resinas epox\u00eddicas, arenas sil\u00edceas y componentes<br \/>\nespeciales, con una excelente resistencia a los \u00e1cidos y de f\u00e1cil limpieza.<\/p>\n<p><strong>Presentaci\u00f3n: <\/strong>3 KG<\/p>\n<div class=\"elementor-button-wrapper\"><a class=\"elementor-button elementor-button-link elementor-size-sm elementor-animation-bob\" style=\"background: #ffcc29; width: 100%;\" href=\"https:\/\/cdnmedia.mapei.com\/docs\/librariesprovider36\/products-documents\/1_tds-kerapoxy-cq_752ee9ebb17b4b98844a042389a728a0.pdf?sfvrsn=5f20357e_0\" target=\"_blank\" rel=\"noopener\"><span class=\"elementor-button-content-wrapper\"><i class=\"fas fa-download\" aria-hidden=\"true\"><\/i><span class=\"elementor-button-text\" style=\"color: black; font-weight: 500;\">FICHA TECNICA<\/span><\/span><\/a><\/div>\n","protected":false},"excerpt":{"rendered":"<p><strong>RELLENO EPOX\u00cdDICO BICOMPONENTE ANTI\u00c1CIDO, DE F\u00c1CIL APLICACI\u00d3N Y \u00d3PTIMA LIMPIEZA, IDEAL PARA EL RELLENO DE ANCHO ENTRE BALDOSAS CER\u00c1MICAS Y MOSAICOS.<\/strong><\/p>\n","protected":false},"featured_media":1272,"template":"","meta":[],"product_cat":[39,21],"product_tag":[],"class_list":{"0":"post-831","1":"product","2":"type-product","3":"status-publish","4":"has-post-thumbnail","6":"product_cat-estucos-y-pinturas-decorativas-mapei","7":"product_cat-mapei","9":"first","10":"instock","11":"shipping-taxable","12":"product-type-simple"},"jetpack_sharing_enabled":true,"_links":{"self":[{"href":"https:\/\/impeercol.com\/wp\/wp-json\/wp\/v2\/product\/831","targetHints":{"allow":["GET"]}}],"collection":[{"href":"https:\/\/impeercol.com\/wp\/wp-json\/wp\/v2\/product"}],"about":[{"href":"https:\/\/impeercol.com\/wp\/wp-json\/wp\/v2\/types\/product"}],"wp:featuredmedia":[{"embeddable":true,"href":"https:\/\/impeercol.com\/wp\/wp-json\/wp\/v2\/media\/1272"}],"wp:attachment":[{"href":"https:\/\/impeercol.com\/wp\/wp-json\/wp\/v2\/media?parent=831"}],"wp:term":[{"taxonomy":"product_cat","embeddable":true,"href":"https:\/\/impeercol.com\/wp\/wp-json\/wp\/v2\/product_cat?post=831"},{"taxonomy":"product_tag","embeddable":true,"href":"https:\/\/impeercol.com\/wp\/wp-json\/wp\/v2\/product_tag?post=831"}],"curies":[{"name":"wp","href":"https:\/\/api.w.org\/{rel}","templated":true}]}}