{"id":860,"date":"2024-02-05T17:35:51","date_gmt":"2024-02-05T17:35:51","guid":{"rendered":"https:\/\/impeercol.com\/wp\/?post_type=product&#038;p=860"},"modified":"2024-07-30T17:24:30","modified_gmt":"2024-07-30T22:24:30","slug":"sikafill-100-super","status":"publish","type":"product","link":"https:\/\/impeercol.com\/wp\/producto\/sikafill-100-super\/","title":{"rendered":"SIKAFILL 100 SUPER"},"content":{"rendered":"<p>Recubrimiento el\u00e1stico impermeable con base en resinas acr\u00edlicas, para la impermeabilizaci\u00f3n flexible de cubiertas y terrazas, tanto en obra nueva como en superficies que ya hab\u00edan sido impermeabilizadas (mantenimiento).\u00a0 \u00a0Este producto viene con una nueva f\u00f3rmula mejorada con fibras, que le permite puentear mejor las fisuras del sustrato.<\/p>\n<p>Presentaci\u00f3n:\u00a0 BLANCO Y GRIS y GALON<\/p>\n<p>&nbsp;<\/p>\n<p><a class=\"elementor-button elementor-button-link elementor-size-sm elementor-animation-bob\" style=\"background: #ffcc29; width: 100%;\" href=\"https:\/\/col.sika.com\/dam\/dms\/co01\/3\/sikafill-100-superco.pdf\" target=\"_blank\" rel=\"noopener\"><span class=\"elementor-button-content-wrapper\"><span class=\"elementor-button-text\" style=\"color: black; font-weight: 500;\">FICHA TECNICA<\/span><\/span><\/a><\/p>\n","protected":false},"excerpt":{"rendered":"<p><strong>IMPERMEABILIZANTE ACR\u00cdLICO 100% EL\u00c1STICO, MEJORADO CON FIBRAS PARA IMPERMEABILIZAR CUBIERTAS.<\/strong><\/p>\n","protected":false},"featured_media":1299,"template":"","meta":[],"product_cat":[28,20],"product_tag":[],"class_list":{"0":"post-860","1":"product","2":"type-product","3":"status-publish","4":"has-post-thumbnail","6":"product_cat-impermeabilizantes-acrilicos-y-mebranas-de-poliuretano-para-cubiertas","7":"product_cat-sika","9":"first","10":"instock","11":"shipping-taxable","12":"product-type-simple"},"jetpack_sharing_enabled":true,"_links":{"self":[{"href":"https:\/\/impeercol.com\/wp\/wp-json\/wp\/v2\/product\/860","targetHints":{"allow":["GET"]}}],"collection":[{"href":"https:\/\/impeercol.com\/wp\/wp-json\/wp\/v2\/product"}],"about":[{"href":"https:\/\/impeercol.com\/wp\/wp-json\/wp\/v2\/types\/product"}],"wp:featuredmedia":[{"embeddable":true,"href":"https:\/\/impeercol.com\/wp\/wp-json\/wp\/v2\/media\/1299"}],"wp:attachment":[{"href":"https:\/\/impeercol.com\/wp\/wp-json\/wp\/v2\/media?parent=860"}],"wp:term":[{"taxonomy":"product_cat","embeddable":true,"href":"https:\/\/impeercol.com\/wp\/wp-json\/wp\/v2\/product_cat?post=860"},{"taxonomy":"product_tag","embeddable":true,"href":"https:\/\/impeercol.com\/wp\/wp-json\/wp\/v2\/product_tag?post=860"}],"curies":[{"name":"wp","href":"https:\/\/api.w.org\/{rel}","templated":true}]}}