{"id":868,"date":"2024-02-05T18:27:50","date_gmt":"2024-02-05T18:27:50","guid":{"rendered":"https:\/\/impeercol.com\/wp\/?post_type=product&#038;p=868"},"modified":"2025-02-06T14:21:30","modified_gmt":"2025-02-06T19:21:30","slug":"silicon-acetico-tekbond","status":"publish","type":"product","link":"https:\/\/impeercol.com\/wp\/producto\/silicon-acetico-tekbond\/","title":{"rendered":"SILICON ACETICO TEKBOND"},"content":{"rendered":"<p>La SILICONA AC\u00c9TICA TRANSPARENTE CONSTRUCCI\u00d3N es un adhesivo sellador tixotr\u00f3pico mono componente, bajo m\u00f3dulo, evita la formaci\u00f3n de hongos debido a que contiene funguicidas y de curado ac\u00e9tico. Su curado sucede a temperatura ambiente y en presencia de la humedad del ambiente.\u00a0 Es considerada una silicona de uso general, muy utilizada en la construcci\u00f3n civil en el sellado y fijaci\u00f3n de lavabos y vasos sanitarios, cabinas de duchas, puertas y ventanas. Tiene excelente resistencia a los rayos UV y puede ser aplicado en exteriores.<\/p>\n<p>&nbsp;<\/p>\n<p>Presentaci\u00f3n: 270 ML<\/p>\n<p>&nbsp;<\/p>\n<p><a class=\"elementor-button elementor-button-link elementor-size-sm elementor-animation-bob\" style=\"background: #ffcc29; width: 100%;\" href=\"https:\/\/www.tekbond.com.mx\/sites\/mx.tekbond.com.br\/files\/2023-03\/fdt_no72_silicona_acetica_construccion_rev_04_19.pdf\" target=\"_blank\" rel=\"noopener\"><span class=\"elementor-button-content-wrapper\"><span class=\"elementor-button-text\" style=\"color: black; font-weight: 500;\">FICHA TECNICA<\/span><\/span><\/a><\/p>\n","protected":false},"excerpt":{"rendered":"<p><strong>SILICONA AC\u00c9TICA CONSTRUCCI\u00d3N<\/strong><\/p>\n","protected":false},"featured_media":1266,"template":"","meta":[],"product_cat":[23,42],"product_tag":[],"class_list":{"0":"post-868","1":"product","2":"type-product","3":"status-publish","4":"has-post-thumbnail","6":"product_cat-fiberglass","7":"product_cat-siliconas-y-sellos-de-poliuretano-fiberglass","9":"first","10":"instock","11":"shipping-taxable","12":"product-type-simple"},"jetpack_sharing_enabled":true,"_links":{"self":[{"href":"https:\/\/impeercol.com\/wp\/wp-json\/wp\/v2\/product\/868","targetHints":{"allow":["GET"]}}],"collection":[{"href":"https:\/\/impeercol.com\/wp\/wp-json\/wp\/v2\/product"}],"about":[{"href":"https:\/\/impeercol.com\/wp\/wp-json\/wp\/v2\/types\/product"}],"wp:featuredmedia":[{"embeddable":true,"href":"https:\/\/impeercol.com\/wp\/wp-json\/wp\/v2\/media\/1266"}],"wp:attachment":[{"href":"https:\/\/impeercol.com\/wp\/wp-json\/wp\/v2\/media?parent=868"}],"wp:term":[{"taxonomy":"product_cat","embeddable":true,"href":"https:\/\/impeercol.com\/wp\/wp-json\/wp\/v2\/product_cat?post=868"},{"taxonomy":"product_tag","embeddable":true,"href":"https:\/\/impeercol.com\/wp\/wp-json\/wp\/v2\/product_tag?post=868"}],"curies":[{"name":"wp","href":"https:\/\/api.w.org\/{rel}","templated":true}]}}